{"id":99,"date":"2020-09-03T18:42:07","date_gmt":"2020-09-03T21:42:07","guid":{"rendered":"https:\/\/museoguiraldes.areco.gob.ar:5478\/wordpress\/?page_id=99"},"modified":"2023-01-17T10:54:48","modified_gmt":"2023-01-17T13:54:48","slug":"el-complejo","status":"publish","type":"page","link":"https:\/\/museoguiraldes.areco.gob.ar\/index.php\/el-complejo\/","title":{"rendered":"El complejo"},"content":{"rendered":"\t\t<div data-elementor-type=\"wp-page\" data-elementor-id=\"99\" class=\"elementor elementor-99\">\n\t\t\t\t\t\t<section class=\"elementor-section elementor-top-section elementor-element elementor-element-8332a52 elementor-section-boxed elementor-section-height-default elementor-section-height-default\" data-id=\"8332a52\" data-element_type=\"section\" data-e-type=\"section\">\n\t\t\t\t\t\t<div class=\"elementor-container elementor-column-gap-default\">\n\t\t\t\t\t<div class=\"elementor-column elementor-col-50 elementor-top-column elementor-element elementor-element-93dba7a\" data-id=\"93dba7a\" data-element_type=\"column\" data-e-type=\"column\">\n\t\t\t<div class=\"elementor-widget-wrap elementor-element-populated\">\n\t\t\t\t\t\t<div class=\"elementor-element elementor-element-5f35fa4 elementor-widget elementor-widget-text-editor\" data-id=\"5f35fa4\" data-element_type=\"widget\" data-e-type=\"widget\" data-widget_type=\"text-editor.default\">\n\t\t\t\t<div class=\"elementor-widget-container\">\n\t\t\t\t\t\t\t\t\t<ul><li><strong>El complejo<\/strong><\/li><\/ul><p>Se encuentra dentro del predio de 97 has del <em>Parque Criollo<\/em> y est\u00e1 dividido en dos sectores:<\/p><ul><li>Pulper\u00eda <em>La Blanqueada<\/em><ul><li><em>La Blanqueada<\/em><\/li><li>La tahona<\/li><li>Galp\u00f3n de carruajes<\/li><li>Taller de telares<\/li><li>La ermita<\/li><li>El palomar y La matera<\/li><\/ul><\/li><\/ul><ul><li>Casa del Museo.<ul><li>Sala <em>G\u00fciraldes<\/em><\/li><li>Sala <em>Ricardo G\u00fciraldes<\/em><\/li><li>Pinacoteca <em>Alberto G\u00fciraldes<\/em><\/li><li>Sala <em>Don Segundo Sombra<\/em><\/li><li>Vest\u00edbulo<\/li><li>Sala Fabio C\u00e1ceres<\/li><li>Salas de exposiciones temporarias <em>Adelina del Carril<\/em><\/li><\/ul><\/li><\/ul>\t\t\t\t\t\t\t\t<\/div>\n\t\t\t\t<\/div>\n\t\t\t\t\t<\/div>\n\t\t<\/div>\n\t\t\t\t<div class=\"elementor-column elementor-col-50 elementor-top-column elementor-element elementor-element-ef358ff\" data-id=\"ef358ff\" data-element_type=\"column\" data-e-type=\"column\">\n\t\t\t<div class=\"elementor-widget-wrap elementor-element-populated\">\n\t\t\t\t\t\t<div class=\"elementor-element elementor-element-ff9f57a elementor-widget elementor-widget-video\" data-id=\"ff9f57a\" data-element_type=\"widget\" data-e-type=\"widget\" data-settings=\"{&quot;video_type&quot;:&quot;hosted&quot;,&quot;autoplay&quot;:&quot;yes&quot;,&quot;controls&quot;:&quot;yes&quot;}\" data-widget_type=\"video.default\">\n\t\t\t\t<div class=\"elementor-widget-container\">\n\t\t\t\t\t\t\t<div class=\"e-hosted-video elementor-wrapper elementor-open-inline\">\n\t\t\t\t\t<video class=\"elementor-video\" src=\"https:\/\/museoguiraldes.areco.gob.ar\/wp-content\/uploads\/2023\/01\/VID-20220801-WA0001-1.mp4\" autoplay=\"\" controls=\"\" controlsList=\"nodownload\"><\/video>\n\t\t\t\t<\/div>\n\t\t\t\t\t\t<\/div>\n\t\t\t\t<\/div>\n\t\t\t\t\t<\/div>\n\t\t<\/div>\n\t\t\t\t\t<\/div>\n\t\t<\/section>\n\t\t\t\t<\/div>\n\t\t","protected":false},"excerpt":{"rendered":"<p>El complejo Se encuentra dentro del predio de 97 has del Parque Criollo y est\u00e1 dividido en dos sectores: Pulper\u00eda La Blanqueada La Blanqueada La tahona Galp\u00f3n de carruajes Taller de telares La ermita El palomar y La matera Casa del Museo. Sala G\u00fciraldes Sala Ricardo G\u00fciraldes Pinacoteca Alberto G\u00fciraldes Sala Don Segundo Sombra Vest\u00edbulo [&hellip;]<\/p>\n","protected":false},"author":11,"featured_media":0,"parent":0,"menu_order":0,"comment_status":"closed","ping_status":"closed","template":"","meta":{"site-sidebar-layout":"no-sidebar","site-content-layout":"page-builder","ast-site-content-layout":"default","site-content-style":"default","site-sidebar-style":"default","ast-global-header-display":"","ast-banner-title-visibility":"","ast-main-header-display":"","ast-hfb-above-header-display":"","ast-hfb-below-header-display":"","ast-hfb-mobile-header-display":"","site-post-title":"disabled","ast-breadcrumbs-content":"","ast-featured-img":"disabled","footer-sml-layout":"","ast-disable-related-posts":"","theme-transparent-header-meta":"default","adv-header-id-meta":"","stick-header-meta":"","header-above-stick-meta":"","header-main-stick-meta":"","header-below-stick-meta":"","astra-migrate-meta-layouts":"default","ast-page-background-enabled":"default","ast-page-background-meta":{"desktop":{"background-color":"var(--ast-global-color-4)","background-image":"","background-repeat":"repeat","background-position":"center center","background-size":"auto","background-attachment":"scroll","background-type":"","background-media":"","overlay-type":"","overlay-color":"","overlay-opacity":"","overlay-gradient":""},"tablet":{"background-color":"","background-image":"","background-repeat":"repeat","background-position":"center center","background-size":"auto","background-attachment":"scroll","background-type":"","background-media":"","overlay-type":"","overlay-color":"","overlay-opacity":"","overlay-gradient":""},"mobile":{"background-color":"","background-image":"","background-repeat":"repeat","background-position":"center center","background-size":"auto","background-attachment":"scroll","background-type":"","background-media":"","overlay-type":"","overlay-color":"","overlay-opacity":"","overlay-gradient":""}},"ast-content-background-meta":{"desktop":{"background-color":"var(--ast-global-color-5)","background-image":"","background-repeat":"repeat","background-position":"center center","background-size":"auto","background-attachment":"scroll","background-type":"","background-media":"","overlay-type":"","overlay-color":"","overlay-opacity":"","overlay-gradient":""},"tablet":{"background-color":"var(--ast-global-color-5)","background-image":"","background-repeat":"repeat","background-position":"center center","background-size":"auto","background-attachment":"scroll","background-type":"","background-media":"","overlay-type":"","overlay-color":"","overlay-opacity":"","overlay-gradient":""},"mobile":{"background-color":"var(--ast-global-color-5)","background-image":"","background-repeat":"repeat","background-position":"center center","background-size":"auto","background-attachment":"scroll","background-type":"","background-media":"","overlay-type":"","overlay-color":"","overlay-opacity":"","overlay-gradient":""}},"footnotes":""},"class_list":["post-99","page","type-page","status-publish","hentry"],"_links":{"self":[{"href":"https:\/\/museoguiraldes.areco.gob.ar\/index.php\/wp-json\/wp\/v2\/pages\/99","targetHints":{"allow":["GET"]}}],"collection":[{"href":"https:\/\/museoguiraldes.areco.gob.ar\/index.php\/wp-json\/wp\/v2\/pages"}],"about":[{"href":"https:\/\/museoguiraldes.areco.gob.ar\/index.php\/wp-json\/wp\/v2\/types\/page"}],"author":[{"embeddable":true,"href":"https:\/\/museoguiraldes.areco.gob.ar\/index.php\/wp-json\/wp\/v2\/users\/11"}],"replies":[{"embeddable":true,"href":"https:\/\/museoguiraldes.areco.gob.ar\/index.php\/wp-json\/wp\/v2\/comments?post=99"}],"version-history":[{"count":12,"href":"https:\/\/museoguiraldes.areco.gob.ar\/index.php\/wp-json\/wp\/v2\/pages\/99\/revisions"}],"predecessor-version":[{"id":639,"href":"https:\/\/museoguiraldes.areco.gob.ar\/index.php\/wp-json\/wp\/v2\/pages\/99\/revisions\/639"}],"wp:attachment":[{"href":"https:\/\/museoguiraldes.areco.gob.ar\/index.php\/wp-json\/wp\/v2\/media?parent=99"}],"curies":[{"name":"wp","href":"https:\/\/api.w.org\/{rel}","templated":true}]}}