{"id":95,"date":"2020-09-03T18:42:06","date_gmt":"2020-09-03T21:42:06","guid":{"rendered":"https:\/\/museoguiraldes.areco.gob.ar:5478\/wordpress\/?page_id=95"},"modified":"2026-04-07T10:25:30","modified_gmt":"2026-04-07T13:25:30","slug":"visitas","status":"publish","type":"page","link":"https:\/\/museoguiraldes.areco.gob.ar\/index.php\/visitas\/","title":{"rendered":"Visitas"},"content":{"rendered":"\t\t<div data-elementor-type=\"wp-page\" data-elementor-id=\"95\" class=\"elementor elementor-95\" data-elementor-settings=\"[]\">\n\t\t\t\t\t\t<div class=\"elementor-inner\">\n\t\t\t\t\t\t\t<div class=\"elementor-section-wrap\">\n\t\t\t\t\t\t\t<section class=\"elementor-section elementor-top-section elementor-element elementor-element-88be611 elementor-section-boxed elementor-section-height-default elementor-section-height-default\" data-id=\"88be611\" data-element_type=\"section\">\n\t\t\t\t\t\t<div class=\"elementor-container elementor-column-gap-default\">\n\t\t\t\t\t\t\t<div class=\"elementor-row\">\n\t\t\t\t\t<div class=\"elementor-column elementor-col-50 elementor-top-column elementor-element elementor-element-10a33dd\" data-id=\"10a33dd\" data-element_type=\"column\">\n\t\t\t<div class=\"elementor-column-wrap elementor-element-populated\">\n\t\t\t\t\t\t\t<div class=\"elementor-widget-wrap\">\n\t\t\t\t\t\t<div class=\"elementor-element elementor-element-c11d89e elementor-widget elementor-widget-google_maps\" data-id=\"c11d89e\" data-element_type=\"widget\" data-widget_type=\"google_maps.default\">\n\t\t\t\t<div class=\"elementor-widget-container\">\n\t\t\t<div class=\"elementor-custom-embed\"><iframe frameborder=\"0\" scrolling=\"no\" marginheight=\"0\" marginwidth=\"0\" src=\"https:\/\/maps.google.com\/maps?q=Museo%20Gauchesco%20Ricardo%20G%C3%BCiraldes&amp;t=m&amp;z=10&amp;output=embed&amp;iwloc=near\" title=\"Museo Gauchesco Ricardo G\u00fciraldes\" aria-label=\"Museo Gauchesco Ricardo G\u00fciraldes\"><\/iframe><\/div>\t\t<\/div>\n\t\t\t\t<\/div>\n\t\t\t\t\t\t<\/div>\n\t\t\t\t\t<\/div>\n\t\t<\/div>\n\t\t\t\t<div class=\"elementor-column elementor-col-50 elementor-top-column elementor-element elementor-element-30037f5\" data-id=\"30037f5\" data-element_type=\"column\">\n\t\t\t<div class=\"elementor-column-wrap elementor-element-populated\">\n\t\t\t\t\t\t\t<div class=\"elementor-widget-wrap\">\n\t\t\t\t\t\t<div class=\"elementor-element elementor-element-c8348e5 elementor-widget elementor-widget-text-editor\" data-id=\"c8348e5\" data-element_type=\"widget\" data-widget_type=\"text-editor.default\">\n\t\t\t\t<div class=\"elementor-widget-container\">\n\t\t\t\t\t<div class=\"elementor-text-editor elementor-clearfix\"><ul><li><strong>Horario:<\/strong> Lunes, jueves, viernes, s\u00e1bados, domingos y feriados de 11:15 a 16:30<\/li><li><strong>Entrada<\/strong> Precio nacionales: $6000. Precio Extranjeros: $20000. PAGO EN EFECTIVO.<\/li><li>Exentos de abonar: Residentes de San Antonio de Areco, menores de 12 a\u00f1os, jubilados, personas con discapacidad m\u00e1s un acompa\u00f1ante, grupos escolares\/estudiantes en d\u00edas h\u00e1biles.<\/li><li><strong>Visitas guiadas<\/strong>: Se realizan sobre la base del patrimonio en exhibici\u00f3n al momento de la visita, adecu\u00e1ndose a la edad del grupo y a los temas de inter\u00e9s. Para el p\u00fablico general, se realizan\u00a0 s\u00e1bados, domingos y feriados\u00a0 a las 11:30 y a las 15:00. No se requiere reserva previa.<\/li><li><strong>Instituciones educativas<\/strong>: Las visitas guiadas escolares se realizan los d\u00edas\u00a0 lunes, jueves y viernes 11:30 y 15hs. Las mismas requieren reserva previa y pueden solicitarse \u00fanicamente por\u00a0 el correo electr\u00f3nico oficial del Museo:\u00a0<span class=\"go\">museoricardoguiraldes@gmail.com .\u00a0<\/span>Se brindan visitas para Nivel Inicial, Primario, Secundario, Educaci\u00f3n especial, Terciario y Universitario<\/li><\/ul><p style=\"text-align: center;\">\u00a0<\/p><\/div>\n\t\t\t\t<\/div>\n\t\t\t\t<\/div>\n\t\t\t\t<div class=\"elementor-element elementor-element-e85b374 elementor-widget elementor-widget-text-editor\" data-id=\"e85b374\" data-element_type=\"widget\" data-widget_type=\"text-editor.default\">\n\t\t\t\t<div class=\"elementor-widget-container\">\n\t\t\t\t\t<div class=\"elementor-text-editor elementor-clearfix\"><\/div>\n\t\t\t\t<\/div>\n\t\t\t\t<\/div>\n\t\t\t\t\t\t<\/div>\n\t\t\t\t\t<\/div>\n\t\t<\/div>\n\t\t\t\t\t\t\t\t<\/div>\n\t\t\t\t\t<\/div>\n\t\t<\/section>\n\t\t\t\t\t\t<\/div>\n\t\t\t\t\t\t<\/div>\n\t\t\t\t\t<\/div>\n\t\t","protected":false},"excerpt":{"rendered":"<p>Horario: Lunes, jueves, viernes, s\u00e1bados, domingos y feriados de 11:15 a 16:30 Entrada Precio nacionales: $6000. Precio Extranjeros: $20000. PAGO EN EFECTIVO. Exentos de abonar: Residentes de San Antonio de Areco, menores de 12 a\u00f1os, jubilados, personas con discapacidad m\u00e1s un acompa\u00f1ante, grupos escolares\/estudiantes en d\u00edas h\u00e1biles. Visitas guiadas: Se realizan sobre la base del &hellip;<\/p>\n<p class=\"read-more\"> <a class=\"\" href=\"https:\/\/museoguiraldes.areco.gob.ar\/index.php\/visitas\/\"> <span class=\"screen-reader-text\">Visitas<\/span> Leer m\u00e1s &raquo;<\/a><\/p>\n","protected":false},"author":2,"featured_media":0,"parent":0,"menu_order":0,"comment_status":"closed","ping_status":"closed","template":"","meta":[],"_links":{"self":[{"href":"https:\/\/museoguiraldes.areco.gob.ar\/index.php\/wp-json\/wp\/v2\/pages\/95"}],"collection":[{"href":"https:\/\/museoguiraldes.areco.gob.ar\/index.php\/wp-json\/wp\/v2\/pages"}],"about":[{"href":"https:\/\/museoguiraldes.areco.gob.ar\/index.php\/wp-json\/wp\/v2\/types\/page"}],"author":[{"embeddable":true,"href":"https:\/\/museoguiraldes.areco.gob.ar\/index.php\/wp-json\/wp\/v2\/users\/2"}],"replies":[{"embeddable":true,"href":"https:\/\/museoguiraldes.areco.gob.ar\/index.php\/wp-json\/wp\/v2\/comments?post=95"}],"version-history":[{"count":16,"href":"https:\/\/museoguiraldes.areco.gob.ar\/index.php\/wp-json\/wp\/v2\/pages\/95\/revisions"}],"predecessor-version":[{"id":850,"href":"https:\/\/museoguiraldes.areco.gob.ar\/index.php\/wp-json\/wp\/v2\/pages\/95\/revisions\/850"}],"wp:attachment":[{"href":"https:\/\/museoguiraldes.areco.gob.ar\/index.php\/wp-json\/wp\/v2\/media?parent=95"}],"curies":[{"name":"wp","href":"https:\/\/api.w.org\/{rel}","templated":true}]}}