{"id":256,"date":"2020-09-15T15:09:01","date_gmt":"2020-09-15T18:09:01","guid":{"rendered":"https:\/\/museoguiraldes.areco.gob.ar:5478\/wordpress\/?page_id=256"},"modified":"2020-10-16T15:14:46","modified_gmt":"2020-10-16T18:14:46","slug":"la-fiesta-nacional-de-la-tradicion","status":"publish","type":"page","link":"https:\/\/museoguiraldes.areco.gob.ar\/index.php\/la-fiesta-nacional-de-la-tradicion\/","title":{"rendered":"La Fiesta Nacional de la Tradici\u00f3n"},"content":{"rendered":"\t\t<div data-elementor-type=\"wp-page\" data-elementor-id=\"256\" class=\"elementor elementor-256\" data-elementor-settings=\"[]\">\n\t\t\t\t\t\t<div class=\"elementor-inner\">\n\t\t\t\t\t\t\t<div class=\"elementor-section-wrap\">\n\t\t\t\t\t\t\t<section class=\"elementor-section elementor-top-section elementor-element elementor-element-8124e8c elementor-section-boxed elementor-section-height-default elementor-section-height-default\" data-id=\"8124e8c\" data-element_type=\"section\">\n\t\t\t\t\t\t<div class=\"elementor-container elementor-column-gap-default\">\n\t\t\t\t\t\t\t<div class=\"elementor-row\">\n\t\t\t\t\t<div class=\"elementor-column elementor-col-100 elementor-top-column elementor-element elementor-element-65543a3\" data-id=\"65543a3\" data-element_type=\"column\">\n\t\t\t<div class=\"elementor-column-wrap elementor-element-populated\">\n\t\t\t\t\t\t\t<div class=\"elementor-widget-wrap\">\n\t\t\t\t\t\t<div class=\"elementor-element elementor-element-b8e93cb elementor-widget elementor-widget-text-editor\" data-id=\"b8e93cb\" data-element_type=\"widget\" data-widget_type=\"text-editor.default\">\n\t\t\t\t<div class=\"elementor-widget-container\">\n\t\t\t\t\t<div class=\"elementor-text-editor elementor-clearfix\"><p><strong>La <span style=\"font-size: 16px; font-style: normal;\">Fiesta\u00a0<\/span><span style=\"font-size: 16px;\">de la Tradici\u00f3n<\/span><\/strong><\/p><p>Desde 1939 se celebra en San Antonio de Areco, La Fiesta de la Tradici\u00f3n.\u00a0<\/p><p>La Fiesta de la Tradici\u00f3n, no es un festejo m\u00e1s sino tambi\u00e9n un estilo de vida.<br \/>Durante una semana, el pueblo se viste de fiesta para recibir paisanos y caballos de todas partes del pa\u00eds.<br \/>Reunirse en torno a un fog\u00f3n y cultivar nuestros usos y costumbres tambi\u00e9n forman parte de la celebraci\u00f3n.<\/p><div id='gallery-1' class='gallery galleryid-256 gallery-columns-6 gallery-size-thumbnail'><figure class='gallery-item'>\n\t\t\t<div class='gallery-icon landscape'>\n\t\t\t\t<a href='https:\/\/museoguiraldes.areco.gob.ar\/wp-content\/uploads\/2020\/09\/06c18baf-0453-4c84-bf63-f169b52445bf.jpg'><img width=\"150\" height=\"150\" src=\"https:\/\/museoguiraldes.areco.gob.ar\/wp-content\/uploads\/2020\/09\/06c18baf-0453-4c84-bf63-f169b52445bf-150x150.jpg\" class=\"attachment-thumbnail size-thumbnail\" alt=\"\" loading=\"lazy\" \/><\/a>\n\t\t\t<\/div><\/figure><figure class='gallery-item'>\n\t\t\t<div class='gallery-icon portrait'>\n\t\t\t\t<a href='https:\/\/museoguiraldes.areco.gob.ar\/wp-content\/uploads\/2020\/09\/c13ffd71-b566-4498-a6d0-60ff3d5a2bab.jpg'><img width=\"150\" height=\"150\" src=\"https:\/\/museoguiraldes.areco.gob.ar\/wp-content\/uploads\/2020\/09\/c13ffd71-b566-4498-a6d0-60ff3d5a2bab-150x150.jpg\" class=\"attachment-thumbnail size-thumbnail\" alt=\"\" loading=\"lazy\" \/><\/a>\n\t\t\t<\/div><\/figure><figure class='gallery-item'>\n\t\t\t<div class='gallery-icon landscape'>\n\t\t\t\t<a href='https:\/\/museoguiraldes.areco.gob.ar\/wp-content\/uploads\/2020\/09\/6b9b1f43-c458-4f06-8aba-265a2a49045b.jpg'><img width=\"150\" height=\"150\" src=\"https:\/\/museoguiraldes.areco.gob.ar\/wp-content\/uploads\/2020\/09\/6b9b1f43-c458-4f06-8aba-265a2a49045b-150x150.jpg\" class=\"attachment-thumbnail size-thumbnail\" alt=\"\" loading=\"lazy\" \/><\/a>\n\t\t\t<\/div><\/figure><figure class='gallery-item'>\n\t\t\t<div class='gallery-icon portrait'>\n\t\t\t\t<a href='https:\/\/museoguiraldes.areco.gob.ar\/wp-content\/uploads\/2020\/09\/56f22237-7437-4fab-9b7b-038ef5389be2.jpg'><img width=\"150\" height=\"150\" src=\"https:\/\/museoguiraldes.areco.gob.ar\/wp-content\/uploads\/2020\/09\/56f22237-7437-4fab-9b7b-038ef5389be2-150x150.jpg\" class=\"attachment-thumbnail size-thumbnail\" alt=\"\" loading=\"lazy\" \/><\/a>\n\t\t\t<\/div><\/figure><figure class='gallery-item'>\n\t\t\t<div class='gallery-icon portrait'>\n\t\t\t\t<a href='https:\/\/museoguiraldes.areco.gob.ar\/wp-content\/uploads\/2020\/09\/5317c8f3-a15d-4e49-a878-af078cdac226.jpg'><img width=\"150\" height=\"150\" src=\"https:\/\/museoguiraldes.areco.gob.ar\/wp-content\/uploads\/2020\/09\/5317c8f3-a15d-4e49-a878-af078cdac226-150x150.jpg\" class=\"attachment-thumbnail size-thumbnail\" alt=\"\" loading=\"lazy\" \/><\/a>\n\t\t\t<\/div><\/figure><figure class='gallery-item'>\n\t\t\t<div class='gallery-icon portrait'>\n\t\t\t\t<a href='https:\/\/museoguiraldes.areco.gob.ar\/wp-content\/uploads\/2020\/09\/ac4819fd-f9ce-4161-a4ce-48343769339c.jpg'><img width=\"150\" height=\"150\" src=\"https:\/\/museoguiraldes.areco.gob.ar\/wp-content\/uploads\/2020\/09\/ac4819fd-f9ce-4161-a4ce-48343769339c-150x150.jpg\" class=\"attachment-thumbnail size-thumbnail\" alt=\"\" loading=\"lazy\" \/><\/a>\n\t\t\t<\/div><\/figure>\n\t\t<\/div>\n<h6><b>\u00a0 \u00a0 \u00a0 \u00a0 \u00a0 \u00a0 \u00a0 \u00a0 \u00a0 \u00a0 \u00a0 \u00a0 \u00a0 \u00a0 \u00a0 \u00a0 \u00a0 \u00a0 \u00a0 \u00a0 \u00a0 \u00a0 \u00a0 \u00a0 \u00a0 \u00a0 \u00a0 \u00a0 \u00a0 \u00a0 \u00a0 \u00a0 \u00a0 \u00a0 \u00a0 \u00a0 \u00a0 \u00a0 \u00a0 \u00a0 \u00a0 \u00a0 \u00a0 \u00a0 \u00a0 \u00a0 \u00a0 \u00a0 \u00a0 \u00a0 \u00a0 \u00a0 \u00a0Primera Fiesta de la Tradici\u00f3n (1939)<\/b><\/h6><\/div>\n\t\t\t\t<\/div>\n\t\t\t\t<\/div>\n\t\t\t\t\t\t<\/div>\n\t\t\t\t\t<\/div>\n\t\t<\/div>\n\t\t\t\t\t\t\t\t<\/div>\n\t\t\t\t\t<\/div>\n\t\t<\/section>\n\t\t\t\t\t\t<\/div>\n\t\t\t\t\t\t<\/div>\n\t\t\t\t\t<\/div>\n\t\t","protected":false},"excerpt":{"rendered":"<p>La Fiesta\u00a0de la Tradici\u00f3n Desde 1939 se celebra en San Antonio de Areco, La Fiesta de la Tradici\u00f3n.\u00a0 La Fiesta de la Tradici\u00f3n, no es un festejo m\u00e1s sino tambi\u00e9n un estilo de vida.Durante una semana, el pueblo se viste de fiesta para recibir paisanos y caballos de todas partes del pa\u00eds.Reunirse en torno a &hellip;<\/p>\n<p class=\"read-more\"> <a class=\"\" href=\"https:\/\/museoguiraldes.areco.gob.ar\/index.php\/la-fiesta-nacional-de-la-tradicion\/\"> <span class=\"screen-reader-text\">La Fiesta Nacional de la Tradici\u00f3n<\/span> Leer m\u00e1s &raquo;<\/a><\/p>\n","protected":false},"author":2,"featured_media":0,"parent":0,"menu_order":0,"comment_status":"closed","ping_status":"closed","template":"","meta":[],"_links":{"self":[{"href":"https:\/\/museoguiraldes.areco.gob.ar\/index.php\/wp-json\/wp\/v2\/pages\/256"}],"collection":[{"href":"https:\/\/museoguiraldes.areco.gob.ar\/index.php\/wp-json\/wp\/v2\/pages"}],"about":[{"href":"https:\/\/museoguiraldes.areco.gob.ar\/index.php\/wp-json\/wp\/v2\/types\/page"}],"author":[{"embeddable":true,"href":"https:\/\/museoguiraldes.areco.gob.ar\/index.php\/wp-json\/wp\/v2\/users\/2"}],"replies":[{"embeddable":true,"href":"https:\/\/museoguiraldes.areco.gob.ar\/index.php\/wp-json\/wp\/v2\/comments?post=256"}],"version-history":[{"count":12,"href":"https:\/\/museoguiraldes.areco.gob.ar\/index.php\/wp-json\/wp\/v2\/pages\/256\/revisions"}],"predecessor-version":[{"id":505,"href":"https:\/\/museoguiraldes.areco.gob.ar\/index.php\/wp-json\/wp\/v2\/pages\/256\/revisions\/505"}],"wp:attachment":[{"href":"https:\/\/museoguiraldes.areco.gob.ar\/index.php\/wp-json\/wp\/v2\/media?parent=256"}],"curies":[{"name":"wp","href":"https:\/\/api.w.org\/{rel}","templated":true}]}}