{"id":102,"date":"2020-09-03T18:42:07","date_gmt":"2020-09-03T21:42:07","guid":{"rendered":"https:\/\/museoguiraldes.areco.gob.ar:5478\/wordpress\/?page_id=102"},"modified":"2023-01-17T12:41:31","modified_gmt":"2023-01-17T15:41:31","slug":"las-areas","status":"publish","type":"page","link":"https:\/\/museoguiraldes.areco.gob.ar\/index.php\/las-areas\/","title":{"rendered":"Las \u00c1reas"},"content":{"rendered":"\t\t<div data-elementor-type=\"wp-page\" data-elementor-id=\"102\" class=\"elementor elementor-102\" data-elementor-settings=\"[]\">\n\t\t\t\t\t\t<div class=\"elementor-inner\">\n\t\t\t\t\t\t\t<div class=\"elementor-section-wrap\">\n\t\t\t\t\t\t\t<section class=\"elementor-section elementor-top-section elementor-element elementor-element-120ceaf elementor-section-boxed elementor-section-height-default elementor-section-height-default\" data-id=\"120ceaf\" data-element_type=\"section\">\n\t\t\t\t\t\t<div class=\"elementor-container elementor-column-gap-default\">\n\t\t\t\t\t\t\t<div class=\"elementor-row\">\n\t\t\t\t\t<div class=\"elementor-column elementor-col-50 elementor-top-column elementor-element elementor-element-d3c598c\" data-id=\"d3c598c\" data-element_type=\"column\">\n\t\t\t<div class=\"elementor-column-wrap elementor-element-populated\">\n\t\t\t\t\t\t\t<div class=\"elementor-widget-wrap\">\n\t\t\t\t\t\t<div class=\"elementor-element elementor-element-0c5369f elementor-widget elementor-widget-text-editor\" data-id=\"0c5369f\" data-element_type=\"widget\" data-widget_type=\"text-editor.default\">\n\t\t\t\t<div class=\"elementor-widget-container\">\n\t\t\t\t\t<div class=\"elementor-text-editor elementor-clearfix\"><ul><li><strong>Documentaci\u00f3n y registro de patrimonio<\/strong>: Se ocupa del relevamiento de los bienes patrimoniales, del registro de los nuevos ingresos y de la clasificaci\u00f3n, documentaci\u00f3n y seguimiento de cada una de las piezas de las colecciones del Museo.<\/li><li><strong>Educaci\u00f3n:<\/strong>El \u00e1rea de educaci\u00f3n genera el v\u00ednculo entre los visitantes y\/o las instituciones educativas y las colecciones que forman parte del patrimonio, a trav\u00e9s de exposiciones itinerantes, encuentros y visitas guiadas.<\/li><li><strong>Conservaci\u00f3n: <\/strong>Realiza el acondicionamiento y control del patrimonio para guarda, tr\u00e1nsito y exposici\u00f3n a trav\u00e9s del monitoreo peri\u00f3dico de las condiciones de luz, temperatura y humedad, y lleva adelante la conservaci\u00f3n preventiva de las piezas, la limpieza y el etiquetado<\/li><li><strong>Actividades:<\/strong> Dise\u00f1o y organizaci\u00f3n de las propuestas del Museo, entre las que se cuentan charlas, talleres, conferencias, conciertos, demostraciones de usos y costumbres y bailes de campo.Asimismo el armado de la<em> Biblioteca Especializada del Museo<\/em><\/li><li><strong>Difusi\u00f3n<\/strong>: Responsable de la elaboraci\u00f3n de contenidos y la comunicaci\u00f3n interna y externa a trav\u00e9s de la actualizaci\u00f3n de las redes sociales y el contacto permanente con los medios de comunicaci\u00f3n y otras instituciones.<\/li><\/ul><\/div>\n\t\t\t\t<\/div>\n\t\t\t\t<\/div>\n\t\t\t\t\t\t<\/div>\n\t\t\t\t\t<\/div>\n\t\t<\/div>\n\t\t\t\t<div class=\"elementor-column elementor-col-50 elementor-top-column elementor-element elementor-element-25ba29c\" data-id=\"25ba29c\" data-element_type=\"column\">\n\t\t\t<div class=\"elementor-column-wrap elementor-element-populated\">\n\t\t\t\t\t\t\t<div class=\"elementor-widget-wrap\">\n\t\t\t\t\t\t<div class=\"elementor-element elementor-element-ff63c68 elementor-widget elementor-widget-image\" data-id=\"ff63c68\" data-element_type=\"widget\" data-widget_type=\"image.default\">\n\t\t\t\t<div class=\"elementor-widget-container\">\n\t\t\t\t\t<div class=\"elementor-image\">\n\t\t\t\t\t\t\t\t\t\t<img width=\"768\" height=\"1024\" src=\"https:\/\/museoguiraldes.areco.gob.ar\/wp-content\/uploads\/2023\/01\/IMG_20220103_124030_892_1-768x1024.jpg\" class=\"attachment-medium_large size-medium_large\" alt=\"\" loading=\"lazy\" srcset=\"https:\/\/museoguiraldes.areco.gob.ar\/wp-content\/uploads\/2023\/01\/IMG_20220103_124030_892_1-768x1024.jpg 768w, https:\/\/museoguiraldes.areco.gob.ar\/wp-content\/uploads\/2023\/01\/IMG_20220103_124030_892_1-225x300.jpg 225w, https:\/\/museoguiraldes.areco.gob.ar\/wp-content\/uploads\/2023\/01\/IMG_20220103_124030_892_1-1152x1536.jpg 1152w, https:\/\/museoguiraldes.areco.gob.ar\/wp-content\/uploads\/2023\/01\/IMG_20220103_124030_892_1-1536x2048.jpg 1536w, https:\/\/museoguiraldes.areco.gob.ar\/wp-content\/uploads\/2023\/01\/IMG_20220103_124030_892_1-scaled.jpg 1920w\" sizes=\"(max-width: 768px) 100vw, 768px\" \/>\t\t\t\t\t\t\t\t\t\t\t<\/div>\n\t\t\t\t<\/div>\n\t\t\t\t<\/div>\n\t\t\t\t\t\t<\/div>\n\t\t\t\t\t<\/div>\n\t\t<\/div>\n\t\t\t\t\t\t\t\t<\/div>\n\t\t\t\t\t<\/div>\n\t\t<\/section>\n\t\t\t\t\t\t<\/div>\n\t\t\t\t\t\t<\/div>\n\t\t\t\t\t<\/div>\n\t\t","protected":false},"excerpt":{"rendered":"<p>Documentaci\u00f3n y registro de patrimonio: Se ocupa del relevamiento de los bienes patrimoniales, del registro de los nuevos ingresos y de la clasificaci\u00f3n, documentaci\u00f3n y seguimiento de cada una de las piezas de las colecciones del Museo. Educaci\u00f3n:El \u00e1rea de educaci\u00f3n genera el v\u00ednculo entre los visitantes y\/o las instituciones educativas y las colecciones que &hellip;<\/p>\n<p class=\"read-more\"> <a class=\"\" href=\"https:\/\/museoguiraldes.areco.gob.ar\/index.php\/las-areas\/\"> <span class=\"screen-reader-text\">Las \u00c1reas<\/span> Leer m\u00e1s &raquo;<\/a><\/p>\n","protected":false},"author":2,"featured_media":0,"parent":0,"menu_order":0,"comment_status":"closed","ping_status":"closed","template":"","meta":[],"_links":{"self":[{"href":"https:\/\/museoguiraldes.areco.gob.ar\/index.php\/wp-json\/wp\/v2\/pages\/102"}],"collection":[{"href":"https:\/\/museoguiraldes.areco.gob.ar\/index.php\/wp-json\/wp\/v2\/pages"}],"about":[{"href":"https:\/\/museoguiraldes.areco.gob.ar\/index.php\/wp-json\/wp\/v2\/types\/page"}],"author":[{"embeddable":true,"href":"https:\/\/museoguiraldes.areco.gob.ar\/index.php\/wp-json\/wp\/v2\/users\/2"}],"replies":[{"embeddable":true,"href":"https:\/\/museoguiraldes.areco.gob.ar\/index.php\/wp-json\/wp\/v2\/comments?post=102"}],"version-history":[{"count":7,"href":"https:\/\/museoguiraldes.areco.gob.ar\/index.php\/wp-json\/wp\/v2\/pages\/102\/revisions"}],"predecessor-version":[{"id":657,"href":"https:\/\/museoguiraldes.areco.gob.ar\/index.php\/wp-json\/wp\/v2\/pages\/102\/revisions\/657"}],"wp:attachment":[{"href":"https:\/\/museoguiraldes.areco.gob.ar\/index.php\/wp-json\/wp\/v2\/media?parent=102"}],"curies":[{"name":"wp","href":"https:\/\/api.w.org\/{rel}","templated":true}]}}