{"id":101,"date":"2020-09-03T18:42:07","date_gmt":"2020-09-03T21:42:07","guid":{"rendered":"https:\/\/museoguiraldes.areco.gob.ar:5478\/wordpress\/?page_id=101"},"modified":"2020-10-15T11:35:11","modified_gmt":"2020-10-15T14:35:11","slug":"la-coleccion","status":"publish","type":"page","link":"https:\/\/museoguiraldes.areco.gob.ar\/index.php\/la-coleccion\/","title":{"rendered":"La Colecci\u00f3n"},"content":{"rendered":"\t\t<div data-elementor-type=\"wp-page\" data-elementor-id=\"101\" class=\"elementor elementor-101\" data-elementor-settings=\"[]\">\n\t\t\t\t\t\t<div class=\"elementor-inner\">\n\t\t\t\t\t\t\t<div class=\"elementor-section-wrap\">\n\t\t\t\t\t\t\t<section class=\"elementor-section elementor-top-section elementor-element elementor-element-e0d0b27 elementor-section-boxed elementor-section-height-default elementor-section-height-default\" data-id=\"e0d0b27\" data-element_type=\"section\">\n\t\t\t\t\t\t<div class=\"elementor-container elementor-column-gap-default\">\n\t\t\t\t\t\t\t<div class=\"elementor-row\">\n\t\t\t\t\t<div class=\"elementor-column elementor-col-50 elementor-top-column elementor-element elementor-element-1d4f2bf\" data-id=\"1d4f2bf\" data-element_type=\"column\">\n\t\t\t<div class=\"elementor-column-wrap elementor-element-populated\">\n\t\t\t\t\t\t\t<div class=\"elementor-widget-wrap\">\n\t\t\t\t\t\t<div class=\"elementor-element elementor-element-e057775 elementor-widget elementor-widget-text-editor\" data-id=\"e057775\" data-element_type=\"widget\" data-widget_type=\"text-editor.default\">\n\t\t\t\t<div class=\"elementor-widget-container\">\n\t\t\t\t\t<div class=\"elementor-text-editor elementor-clearfix\"><p>Una de las caracter\u00edsticas de la colecci\u00f3n del <em>Museo Ricardo G\u00fciraldes<\/em> es su origen. La misma fue conformada por la donaci\u00f3n de piezas y obras de vecinos de San Antonio de Areco entre 1937 y 1938. Tanto un sencillo estribo arequero en aspa, como una colecci\u00f3n de pinturas de firma reconocida, los vecinos del pago de Areco, dijeron presente en la creaci\u00f3n del museo.<\/p><p>El acervo del museo est\u00e1 conformado por piezas relacionadas con la vida y obra del escritor Ricardo G\u00fciraldes: Libros, manuscritos, objetos personales y fotograf\u00edas.<\/p><p>Tambi\u00e9n integran\u00a0 su colecci\u00f3n, objetos que reflejan la vida el gaucho\/paisano y habitantes rioplatenses en cuanto a usos y costumbres: armas, recados, ponchos, plater\u00eda, soguer\u00eda y mobiliario.<\/p><p>Para destacar la pinacoteca, conformada por firmas de reconocidos artistas pl\u00e1sticos de principios del siglo XX que encontraron en el hombre y el paisaje pampeanos fuente de inspiraci\u00f3n (Florencio Molina Campos, Alberto G\u00fciraldes, Hermenegildo Anglada Camarasa, Eduardo S\u00edvori, Pedro Figari, entre otros).<\/p><\/div>\n\t\t\t\t<\/div>\n\t\t\t\t<\/div>\n\t\t\t\t\t\t<\/div>\n\t\t\t\t\t<\/div>\n\t\t<\/div>\n\t\t\t\t<div class=\"elementor-column elementor-col-50 elementor-top-column elementor-element elementor-element-55962f5\" data-id=\"55962f5\" data-element_type=\"column\">\n\t\t\t<div class=\"elementor-column-wrap elementor-element-populated\">\n\t\t\t\t\t\t\t<div class=\"elementor-widget-wrap\">\n\t\t\t\t\t\t<div class=\"elementor-element elementor-element-d716afd elementor-aspect-ratio-169 elementor-widget elementor-widget-video\" data-id=\"d716afd\" data-element_type=\"widget\" data-settings=\"{&quot;aspect_ratio&quot;:&quot;169&quot;}\" data-widget_type=\"video.default\">\n\t\t\t\t<div class=\"elementor-widget-container\">\n\t\t\t\t\t<div class=\"elementor-wrapper elementor-fit-aspect-ratio elementor-open-inline\">\n\t\t\t\t\t<video class=\"elementor-video\" src=\"https:\/\/museoguiraldes.areco.gob.ar\/wp-content\/uploads\/2020\/09\/coleccion2.mp4\" autoplay=\"\" controls=\"\" playsinline=\"\" controlsList=\"nodownload\"><\/video>\n\t\t\t\t<\/div>\n\t\t\t\t<\/div>\n\t\t\t\t<\/div>\n\t\t\t\t\t\t<\/div>\n\t\t\t\t\t<\/div>\n\t\t<\/div>\n\t\t\t\t\t\t\t\t<\/div>\n\t\t\t\t\t<\/div>\n\t\t<\/section>\n\t\t\t\t\t\t<\/div>\n\t\t\t\t\t\t<\/div>\n\t\t\t\t\t<\/div>\n\t\t","protected":false},"excerpt":{"rendered":"<p>Una de las caracter\u00edsticas de la colecci\u00f3n del Museo Ricardo G\u00fciraldes es su origen. La misma fue conformada por la donaci\u00f3n de piezas y obras de vecinos de San Antonio de Areco entre 1937 y 1938. Tanto un sencillo estribo arequero en aspa, como una colecci\u00f3n de pinturas de firma reconocida, los vecinos del pago &hellip;<\/p>\n<p class=\"read-more\"> <a class=\"\" href=\"https:\/\/museoguiraldes.areco.gob.ar\/index.php\/la-coleccion\/\"> <span class=\"screen-reader-text\">La Colecci\u00f3n<\/span> Leer m\u00e1s &raquo;<\/a><\/p>\n","protected":false},"author":2,"featured_media":0,"parent":0,"menu_order":0,"comment_status":"closed","ping_status":"closed","template":"","meta":[],"_links":{"self":[{"href":"https:\/\/museoguiraldes.areco.gob.ar\/index.php\/wp-json\/wp\/v2\/pages\/101"}],"collection":[{"href":"https:\/\/museoguiraldes.areco.gob.ar\/index.php\/wp-json\/wp\/v2\/pages"}],"about":[{"href":"https:\/\/museoguiraldes.areco.gob.ar\/index.php\/wp-json\/wp\/v2\/types\/page"}],"author":[{"embeddable":true,"href":"https:\/\/museoguiraldes.areco.gob.ar\/index.php\/wp-json\/wp\/v2\/users\/2"}],"replies":[{"embeddable":true,"href":"https:\/\/museoguiraldes.areco.gob.ar\/index.php\/wp-json\/wp\/v2\/comments?post=101"}],"version-history":[{"count":9,"href":"https:\/\/museoguiraldes.areco.gob.ar\/index.php\/wp-json\/wp\/v2\/pages\/101\/revisions"}],"predecessor-version":[{"id":500,"href":"https:\/\/museoguiraldes.areco.gob.ar\/index.php\/wp-json\/wp\/v2\/pages\/101\/revisions\/500"}],"wp:attachment":[{"href":"https:\/\/museoguiraldes.areco.gob.ar\/index.php\/wp-json\/wp\/v2\/media?parent=101"}],"curies":[{"name":"wp","href":"https:\/\/api.w.org\/{rel}","templated":true}]}}